{"id":5336,"date":"2024-07-02T20:22:46","date_gmt":"2024-07-02T20:22:46","guid":{"rendered":"https:\/\/www.galea.mx\/?page_id=5336"},"modified":"2025-08-21T00:15:32","modified_gmt":"2025-08-21T00:15:32","slug":"reservaciones","status":"publish","type":"page","link":"https:\/\/www.galea.mx\/eng\/reservaciones\/","title":{"rendered":"Reservations"},"content":{"rendered":"\t\t<div data-elementor-type=\"wp-page\" data-elementor-id=\"5336\" class=\"elementor elementor-5336\">\n\t\t\t\t\t\t<section class=\"elementor-section elementor-top-section elementor-element elementor-element-76c40a8 elementor-section-stretched elementor-section-boxed elementor-section-height-default elementor-section-height-default\" data-id=\"76c40a8\" data-element_type=\"section\" data-e-type=\"section\" data-settings=\"{&quot;jet_parallax_layout_list&quot;:[],&quot;stretch_section&quot;:&quot;section-stretched&quot;,&quot;background_background&quot;:&quot;classic&quot;}\">\n\t\t\t\t\t\t<div class=\"elementor-container elementor-column-gap-no\">\n\t\t\t\t\t<div class=\"elementor-column elementor-col-100 elementor-top-column elementor-element elementor-element-71f986d\" data-id=\"71f986d\" data-element_type=\"column\" data-e-type=\"column\">\n\t\t\t<div class=\"elementor-widget-wrap elementor-element-populated\">\n\t\t\t\t\t\t<div class=\"elementor-element elementor-element-4404228 elementor-widget__width-initial elementor-widget elementor-widget-heading\" data-id=\"4404228\" data-element_type=\"widget\" data-e-type=\"widget\" data-widget_type=\"heading.default\">\n\t\t\t\t\t<h1 class=\"elementor-heading-title elementor-size-default\">Reservaciones<\/h1>\t\t\t\t<\/div>\n\t\t\t\t<div class=\"elementor-element elementor-element-fb75df9 elementor-widget__width-initial elementor-widget elementor-widget-text-editor\" data-id=\"fb75df9\" data-element_type=\"widget\" data-e-type=\"widget\" data-widget_type=\"text-editor.default\">\n\t\t\t\t\t\t\t\t\t<p>Disfruta de nuestra cocina de autor inspirada en la cocina mediterr\u00e1nea en un ambiente increible. Para eventos privados escribe a\u00a0<a href=\"mailto:reservas-eventos@galea.mx\">reservas-eventos@galea.mx<\/a><\/p>\t\t\t\t\t\t\t\t<\/div>\n\t\t\t\t<div class=\"elementor-element elementor-element-9958724 elementor-widget elementor-widget-html\" data-id=\"9958724\" data-element_type=\"widget\" data-e-type=\"widget\" data-widget_type=\"html.default\">\n\t\t\t\t\t<script>\n    !function(t,o,c,k){if(!t.tock){var e=t.tock=function(){e.callMethod?\n    e.callMethod.apply(e,arguments):e.queue.push(arguments)};t._tock||(t._tock=e),\n    e.push=e,e.loaded=!0,e.version='1.0',e.queue=[];var f=o.createElement(c);f.async=!0,\n    f.src=k;var g=o.getElementsByTagName(c)[0];g.parentNode.insertBefore(f,g)}}(\n    window,document,'script','https:\/\/www.exploretock.com\/tock.js');\n\n    tock('init', 'galea');\n    <\/script>\t\t\t\t<\/div>\n\t\t\t\t<div class=\"elementor-element elementor-element-f6e11b2 elementor-widget elementor-widget-html\" data-id=\"f6e11b2\" data-element_type=\"widget\" data-e-type=\"widget\" data-widget_type=\"html.default\">\n\t\t\t\t\t<div id=\"Tock_widget_container\" data-tock-display-mode=\"Inline\" data-tock-color-mode=\"Blue\" data-tock-locale=\"en-us\" data-tock-timezone=\"America\/Mexico_City\">\n    \n<\/div>\t\t\t\t<\/div>\n\t\t\t\t\t<\/div>\n\t\t<\/div>\n\t\t\t\t\t<\/div>\n\t\t<\/section>\n\t\t\t\t<section class=\"elementor-section elementor-top-section elementor-element elementor-element-14c1dd5 elementor-section-boxed elementor-section-height-default elementor-section-height-default\" data-id=\"14c1dd5\" data-element_type=\"section\" data-e-type=\"section\" data-settings=\"{&quot;jet_parallax_layout_list&quot;:[]}\">\n\t\t\t\t\t\t<div class=\"elementor-container elementor-column-gap-default\">\n\t\t\t\t\t<div class=\"elementor-column elementor-col-100 elementor-top-column elementor-element elementor-element-9b6962f\" data-id=\"9b6962f\" data-element_type=\"column\" data-e-type=\"column\">\n\t\t\t<div class=\"elementor-widget-wrap elementor-element-populated\">\n\t\t\t\t\t\t<div class=\"elementor-element elementor-element-5578e1b elementor-widget elementor-widget-raven-divider\" data-id=\"5578e1b\" data-element_type=\"widget\" data-e-type=\"widget\" data-widget_type=\"raven-divider.default\">\n\t\t\t\t<div class=\"elementor-widget-container\">\n\t\t\t\t\t\t\t<div class=\"raven-widget-wrapper\">\n\t\t\t<div class=\"raven-divider\">\n\t\t\t\t<span class=\"raven-divider-line raven-divider-solid\"><\/span>\n\t\t\t<\/div>\n\t\t<\/div>\n\t\t\t\t\t\t<\/div>\n\t\t\t\t<\/div>\n\t\t\t\t<div class=\"elementor-element elementor-element-7f586bf elementor-widget__width-initial elementor-widget elementor-widget-heading\" data-id=\"7f586bf\" data-element_type=\"widget\" data-e-type=\"widget\" data-widget_type=\"heading.default\">\n\t\t\t\t\t<h3 class=\"elementor-heading-title elementor-size-default\">Preguntas frecuentes<\/h3>\t\t\t\t<\/div>\n\t\t\t\t<div class=\"elementor-element elementor-element-305d753 elementor-widget elementor-widget-raven-advanced-accordion\" data-id=\"305d753\" data-element_type=\"widget\" data-e-type=\"widget\" data-settings=\"{&quot;scroll_to_content&quot;:&quot;false&quot;}\" data-widget_type=\"raven-advanced-accordion.default\">\n\t\t\t\t<div class=\"elementor-widget-container\">\n\t\t\t\t\t\t\t\t<div id=\"jupiterx-advanced-accordion-wrapper\" class=\"jupiterx-advanced-accordion-wrapper\">\n\t\t\t\t<div class=\"jupiterx-advanced-accordion-inner-wrapper\">\n\t\t\t\t\t\t\t\t\t\t\t\t\t\t<div class=\"jupiterx-single-advanced-accordion-wrapper  jx-ac-first  jx-ac-inactive\" id=\"\" >\n\t\t\t\t<div class=\"jx-single-accordion-header\">\n\t\t\t\t\t<div class=\"jx-single-accordion-header-left\">\n\t\t\t\t\t\t<div class=\"jx-single-accordion-header-icon-toggle-wrapper jx-single-accordion-header-icon-toggle-wrapper-hide\" >\n\t\t\t\t\t\t\t\t\t\t\t\t\t<\/div>\n\t\t\t\t\t\t<span class=\"jx-ac-title\">Pol\u00edtica de cancelaci\u00f3n<\/span>\t\t\t\t\t<\/div>\n\t\t\t\t\t<div class=\"jx-single-accordion-header-right\">\n\t\t\t\t\t\t<i aria-hidden=\"true\" class=\"jx-ac-icon-body-closed jx-ac-toggle-icon fas fa-chevron-right\"><\/i><i aria-hidden=\"true\" class=\"jx-ac-icon-body-opened jx-ac-toggle-icon fas fa-chevron-down\"><\/i>\t\t\t\t\t<\/div>\n\t\t\t\t<\/div>\n\t\t\t\t<div class=\"jx-single-accordion-body  jx-ac-body-none\">\n\t\t\t\t\t<div class=\"jx-ac-content\">\n\t\t\t\t\t\t<div class=\"jx-ac-content-inner-wrapper\">\n\t\t\t\t\t\t\t<div class=\"jupiterx-ac-content-is-editor\"><p>Su reservaci\u00f3n puede ser cancelada en cualquier momento. Le solicitamos que lo haga al menos <strong>24 horas antes<\/strong> para que Galea pueda organizarse.<\/p><\/div>\t\t\t\t\t\t<\/div>\n\t\t\t\t\t<\/div>\n\t\t\t\t<\/div>\n\t\t\t<\/div>\n\t\t\t\t\t\t\t\t\t\t\t\t\t\t\t\t<div class=\"jupiterx-single-advanced-accordion-wrapper  jx-ac-inactive\" id=\"\" >\n\t\t\t\t<div class=\"jx-single-accordion-header\">\n\t\t\t\t\t<div class=\"jx-single-accordion-header-left\">\n\t\t\t\t\t\t<div class=\"jx-single-accordion-header-icon-toggle-wrapper jx-single-accordion-header-icon-toggle-wrapper-hide\" >\n\t\t\t\t\t\t\t\t\t\t\t\t\t<\/div>\n\t\t\t\t\t\t<span class=\"jx-ac-title\">Dudas sobre su reservacion<\/span>\t\t\t\t\t<\/div>\n\t\t\t\t\t<div class=\"jx-single-accordion-header-right\">\n\t\t\t\t\t\t<i aria-hidden=\"true\" class=\"jx-ac-icon-body-closed jx-ac-toggle-icon fas fa-chevron-right\"><\/i><i aria-hidden=\"true\" class=\"jx-ac-icon-body-opened jx-ac-toggle-icon fas fa-chevron-down\"><\/i>\t\t\t\t\t<\/div>\n\t\t\t\t<\/div>\n\t\t\t\t<div class=\"jx-single-accordion-body  jx-ac-body-none\">\n\t\t\t\t\t<div class=\"jx-ac-content\">\n\t\t\t\t\t\t<div class=\"jx-ac-content-inner-wrapper\">\n\t\t\t\t\t\t\t<div class=\"jupiterx-ac-content-is-editor\"><p>Si tienes dudas sobre tu reserva, contacta a Galea al correo <a href=\"mailto:contacto@galea.mx\">contacto@galea.mx<\/a>. Para obtener ayuda con su cuenta y otras preguntas, visite el <a href=\"https:\/\/www.exploretock.com\/help\">Centro de ayuda de Tock.<\/a><\/p><\/div>\t\t\t\t\t\t<\/div>\n\t\t\t\t\t<\/div>\n\t\t\t\t<\/div>\n\t\t\t<\/div>\n\t\t\t\t\t\t\t\t\t\t\t\t\t\t\t\t<div class=\"jupiterx-single-advanced-accordion-wrapper  jx-ac-last  jx-ac-inactive\" id=\"\" >\n\t\t\t\t<div class=\"jx-single-accordion-header\">\n\t\t\t\t\t<div class=\"jx-single-accordion-header-left\">\n\t\t\t\t\t\t<div class=\"jx-single-accordion-header-icon-toggle-wrapper jx-single-accordion-header-icon-toggle-wrapper-hide\" >\n\t\t\t\t\t\t\t\t\t\t\t\t\t<\/div>\n\t\t\t\t\t\t<span class=\"jx-ac-title\">\u00bfC\u00f3mo se si se hizo correctamente la reservaci\u00f3n?<\/span>\t\t\t\t\t<\/div>\n\t\t\t\t\t<div class=\"jx-single-accordion-header-right\">\n\t\t\t\t\t\t<i aria-hidden=\"true\" class=\"jx-ac-icon-body-closed jx-ac-toggle-icon fas fa-chevron-right\"><\/i><i aria-hidden=\"true\" class=\"jx-ac-icon-body-opened jx-ac-toggle-icon fas fa-chevron-down\"><\/i>\t\t\t\t\t<\/div>\n\t\t\t\t<\/div>\n\t\t\t\t<div class=\"jx-single-accordion-body  jx-ac-body-none\">\n\t\t\t\t\t<div class=\"jx-ac-content\">\n\t\t\t\t\t\t<div class=\"jx-ac-content-inner-wrapper\">\n\t\t\t\t\t\t\t<div class=\"jupiterx-ac-content-is-editor\"><p>Al terminar de hacer la reservaci\u00f3n recibe un correo electronico con la informaci\u00f3n de su reservacion con el d\u00eda, fecha, hora, n\u00famero de personas y n\u00famero de confirmaci\u00f3n.\u00a0<\/p><\/div>\t\t\t\t\t\t<\/div>\n\t\t\t\t\t<\/div>\n\t\t\t\t<\/div>\n\t\t\t<\/div>\n\t\t\t\t\t\t\t\t\t\t\t<\/div>\n\t\t\t<\/div>\n\t\t\t<script type=\"application\/ld+json\">{\"@context\":\"https:\\\/\\\/schema.org\",\"@type\":\"FAQPage\",\"mainEntity\":[{\"@type\":\"Question\",\"name\":\"Pol\\u00edtica de cancelaci\\u00f3n\",\"acceptedAnswer\":{\"@type\":\"Answer\",\"text\":\"<p>Su reservaci\\u00f3n puede ser cancelada en cualquier momento. Le solicitamos que lo haga al menos <strong>24 horas antes<\\\/strong> para que Galea pueda organizarse.<\\\/p>\"}},{\"@type\":\"Question\",\"name\":\"Dudas sobre su reservacion\",\"acceptedAnswer\":{\"@type\":\"Answer\",\"text\":\"<p>Si tienes dudas sobre tu reserva, contacta a Galea al correo <a href=\\\"mailto:contacto@galea.mx\\\">contacto@galea.mx<\\\/a>. Para obtener ayuda con su cuenta y otras preguntas, visite el <a href=\\\"https:\\\/\\\/www.exploretock.com\\\/help\\\">Centro de ayuda de Tock.<\\\/a><\\\/p>\"}},{\"@type\":\"Question\",\"name\":\"\\u00bfC\\u00f3mo se si se hizo correctamente la reservaci\\u00f3n?\",\"acceptedAnswer\":{\"@type\":\"Answer\",\"text\":\"<p>Al terminar de hacer la reservaci\\u00f3n recibe un correo electronico con la informaci\\u00f3n de su reservacion con el d\\u00eda, fecha, hora, n\\u00famero de personas y n\\u00famero de confirmaci\\u00f3n.\\u00a0<\\\/p>\"}}]}<\/script>\t\t\t\t<\/div>\n\t\t\t\t<\/div>\n\t\t\t\t\t<\/div>\n\t\t<\/div>\n\t\t\t\t\t<\/div>\n\t\t<\/section>\n\t\t\t\t<\/div>\n\t\t","protected":false},"excerpt":{"rendered":"<p>Reservaciones Disfruta de nuestra cocina de autor inspirada en la cocina mediterr\u00e1nea en un ambiente increible. Para eventos privados escribe a\u00a0reservas-eventos@galea.mx Preguntas frecuentes Pol\u00edtica de cancelaci\u00f3n Su reservaci\u00f3n puede ser cancelada en cualquier momento. Le solicitamos que lo haga al menos 24 horas antes para que Galea pueda organizarse. Dudas sobre su reservacion Si tienes [&hellip;]<\/p>\n","protected":false},"author":2,"featured_media":0,"parent":0,"menu_order":0,"comment_status":"closed","ping_status":"closed","template":"","meta":{"_acf_changed":false,"footnotes":""},"class_list":["post-5336","page","type-page","status-publish","hentry"],"acf":[],"yoast_head":"<!-- This site is optimized with the Yoast SEO plugin v27.1.1 - https:\/\/yoast.com\/product\/yoast-seo-wordpress\/ -->\n<title>Reservaciones - Galea - Cocina mediterr\u00e1nea<\/title>\n<meta name=\"robots\" content=\"index, follow, max-snippet:-1, max-image-preview:large, max-video-preview:-1\" \/>\n<link rel=\"canonical\" href=\"https:\/\/www.galea.mx\/eng\/reservaciones\/\" \/>\n<meta property=\"og:locale\" content=\"en_US\" \/>\n<meta property=\"og:type\" content=\"article\" \/>\n<meta property=\"og:title\" content=\"Reservaciones - Galea - Cocina mediterr\u00e1nea\" \/>\n<meta property=\"og:description\" content=\"Reservaciones Disfruta de nuestra cocina de autor inspirada en la cocina mediterr\u00e1nea en un ambiente increible. Para eventos privados escribe a\u00a0reservas-eventos@galea.mx Preguntas frecuentes Pol\u00edtica de cancelaci\u00f3n Su reservaci\u00f3n puede ser cancelada en cualquier momento. Le solicitamos que lo haga al menos 24 horas antes para que Galea pueda organizarse. Dudas sobre su reservacion Si tienes [&hellip;]\" \/>\n<meta property=\"og:url\" content=\"https:\/\/www.galea.mx\/eng\/reservaciones\/\" \/>\n<meta property=\"og:site_name\" content=\"Galea - Cocina mediterr\u00e1nea\" \/>\n<meta property=\"article:publisher\" content=\"https:\/\/www.facebook.com\/Galearestaurant\" \/>\n<meta property=\"article:modified_time\" content=\"2025-08-21T00:15:32+00:00\" \/>\n<meta name=\"twitter:card\" content=\"summary_large_image\" \/>\n<script type=\"application\/ld+json\" class=\"yoast-schema-graph\">{\"@context\":\"https:\/\/schema.org\",\"@graph\":[{\"@type\":\"WebPage\",\"@id\":\"https:\/\/www.galea.mx\/reservaciones\/\",\"url\":\"https:\/\/www.galea.mx\/reservaciones\/\",\"name\":\"Reservaciones - Galea - Cocina mediterr\u00e1nea\",\"isPartOf\":{\"@id\":\"https:\/\/www.galea.mx\/#website\"},\"datePublished\":\"2024-07-02T20:22:46+00:00\",\"dateModified\":\"2025-08-21T00:15:32+00:00\",\"breadcrumb\":{\"@id\":\"https:\/\/www.galea.mx\/reservaciones\/#breadcrumb\"},\"inLanguage\":\"en-US\",\"potentialAction\":[{\"@type\":\"ReadAction\",\"target\":[\"https:\/\/www.galea.mx\/reservaciones\/\"]}]},{\"@type\":\"BreadcrumbList\",\"@id\":\"https:\/\/www.galea.mx\/reservaciones\/#breadcrumb\",\"itemListElement\":[{\"@type\":\"ListItem\",\"position\":1,\"name\":\"Home\",\"item\":\"https:\/\/www.galea.mx\/\"},{\"@type\":\"ListItem\",\"position\":2,\"name\":\"Reservaciones\"}]},{\"@type\":\"WebSite\",\"@id\":\"https:\/\/www.galea.mx\/#website\",\"url\":\"https:\/\/www.galea.mx\/\",\"name\":\"Galea - Cocina mediterr\u00e1nea\",\"description\":\"Galea - Cocina mediterr\u00e1nea\",\"publisher\":{\"@id\":\"https:\/\/www.galea.mx\/#organization\"},\"potentialAction\":[{\"@type\":\"SearchAction\",\"target\":{\"@type\":\"EntryPoint\",\"urlTemplate\":\"https:\/\/www.galea.mx\/?s={search_term_string}\"},\"query-input\":{\"@type\":\"PropertyValueSpecification\",\"valueRequired\":true,\"valueName\":\"search_term_string\"}}],\"inLanguage\":\"en-US\"},{\"@type\":\"Organization\",\"@id\":\"https:\/\/www.galea.mx\/#organization\",\"name\":\"Galea - Cocina mediterr\u00e1nea\",\"url\":\"https:\/\/www.galea.mx\/\",\"logo\":{\"@type\":\"ImageObject\",\"inLanguage\":\"en-US\",\"@id\":\"https:\/\/www.galea.mx\/#\/schema\/logo\/image\/\",\"url\":\"https:\/\/www.galea.mx\/wp-content\/uploads\/2022\/03\/Galea-Logotipo-black.svg\",\"contentUrl\":\"https:\/\/www.galea.mx\/wp-content\/uploads\/2022\/03\/Galea-Logotipo-black.svg\",\"width\":305.98,\"height\":85,\"caption\":\"Galea - Cocina mediterr\u00e1nea\"},\"image\":{\"@id\":\"https:\/\/www.galea.mx\/#\/schema\/logo\/image\/\"},\"sameAs\":[\"https:\/\/www.facebook.com\/Galearestaurant\",\"https:\/\/www.instagram.com\/galea.restaurante\/\",\"https:\/\/www.tripadvisor.com.mx\/Restaurant_Review-g150800-d23767350-Reviews-Galea-Mexico_City_Central_Mexico_and_Gulf_Coast.html\",\"https:\/\/www.opentable.com\/r\/galea-ciudad-de-mexico\"]}]}<\/script>\n<!-- \/ Yoast SEO plugin. -->","yoast_head_json":{"title":"Reservaciones - Galea - Cocina mediterr\u00e1nea","robots":{"index":"index","follow":"follow","max-snippet":"max-snippet:-1","max-image-preview":"max-image-preview:large","max-video-preview":"max-video-preview:-1"},"canonical":"https:\/\/www.galea.mx\/eng\/reservaciones\/","og_locale":"en_US","og_type":"article","og_title":"Reservaciones - Galea - Cocina mediterr\u00e1nea","og_description":"Reservaciones Disfruta de nuestra cocina de autor inspirada en la cocina mediterr\u00e1nea en un ambiente increible. Para eventos privados escribe a\u00a0reservas-eventos@galea.mx Preguntas frecuentes Pol\u00edtica de cancelaci\u00f3n Su reservaci\u00f3n puede ser cancelada en cualquier momento. Le solicitamos que lo haga al menos 24 horas antes para que Galea pueda organizarse. Dudas sobre su reservacion Si tienes [&hellip;]","og_url":"https:\/\/www.galea.mx\/eng\/reservaciones\/","og_site_name":"Galea - Cocina mediterr\u00e1nea","article_publisher":"https:\/\/www.facebook.com\/Galearestaurant","article_modified_time":"2025-08-21T00:15:32+00:00","twitter_card":"summary_large_image","schema":{"@context":"https:\/\/schema.org","@graph":[{"@type":"WebPage","@id":"https:\/\/www.galea.mx\/reservaciones\/","url":"https:\/\/www.galea.mx\/reservaciones\/","name":"Reservaciones - Galea - Cocina mediterr\u00e1nea","isPartOf":{"@id":"https:\/\/www.galea.mx\/#website"},"datePublished":"2024-07-02T20:22:46+00:00","dateModified":"2025-08-21T00:15:32+00:00","breadcrumb":{"@id":"https:\/\/www.galea.mx\/reservaciones\/#breadcrumb"},"inLanguage":"en-US","potentialAction":[{"@type":"ReadAction","target":["https:\/\/www.galea.mx\/reservaciones\/"]}]},{"@type":"BreadcrumbList","@id":"https:\/\/www.galea.mx\/reservaciones\/#breadcrumb","itemListElement":[{"@type":"ListItem","position":1,"name":"Home","item":"https:\/\/www.galea.mx\/"},{"@type":"ListItem","position":2,"name":"Reservaciones"}]},{"@type":"WebSite","@id":"https:\/\/www.galea.mx\/#website","url":"https:\/\/www.galea.mx\/","name":"Galea - Cocina mediterr\u00e1nea","description":"Galea - Cocina mediterr\u00e1nea","publisher":{"@id":"https:\/\/www.galea.mx\/#organization"},"potentialAction":[{"@type":"SearchAction","target":{"@type":"EntryPoint","urlTemplate":"https:\/\/www.galea.mx\/?s={search_term_string}"},"query-input":{"@type":"PropertyValueSpecification","valueRequired":true,"valueName":"search_term_string"}}],"inLanguage":"en-US"},{"@type":"Organization","@id":"https:\/\/www.galea.mx\/#organization","name":"Galea - Cocina mediterr\u00e1nea","url":"https:\/\/www.galea.mx\/","logo":{"@type":"ImageObject","inLanguage":"en-US","@id":"https:\/\/www.galea.mx\/#\/schema\/logo\/image\/","url":"https:\/\/www.galea.mx\/wp-content\/uploads\/2022\/03\/Galea-Logotipo-black.svg","contentUrl":"https:\/\/www.galea.mx\/wp-content\/uploads\/2022\/03\/Galea-Logotipo-black.svg","width":305.98,"height":85,"caption":"Galea - Cocina mediterr\u00e1nea"},"image":{"@id":"https:\/\/www.galea.mx\/#\/schema\/logo\/image\/"},"sameAs":["https:\/\/www.facebook.com\/Galearestaurant","https:\/\/www.instagram.com\/galea.restaurante\/","https:\/\/www.tripadvisor.com.mx\/Restaurant_Review-g150800-d23767350-Reviews-Galea-Mexico_City_Central_Mexico_and_Gulf_Coast.html","https:\/\/www.opentable.com\/r\/galea-ciudad-de-mexico"]}]}},"_links":{"self":[{"href":"https:\/\/www.galea.mx\/eng\/wp-json\/wp\/v2\/pages\/5336","targetHints":{"allow":["GET"]}}],"collection":[{"href":"https:\/\/www.galea.mx\/eng\/wp-json\/wp\/v2\/pages"}],"about":[{"href":"https:\/\/www.galea.mx\/eng\/wp-json\/wp\/v2\/types\/page"}],"author":[{"embeddable":true,"href":"https:\/\/www.galea.mx\/eng\/wp-json\/wp\/v2\/users\/2"}],"replies":[{"embeddable":true,"href":"https:\/\/www.galea.mx\/eng\/wp-json\/wp\/v2\/comments?post=5336"}],"version-history":[{"count":10,"href":"https:\/\/www.galea.mx\/eng\/wp-json\/wp\/v2\/pages\/5336\/revisions"}],"predecessor-version":[{"id":7181,"href":"https:\/\/www.galea.mx\/eng\/wp-json\/wp\/v2\/pages\/5336\/revisions\/7181"}],"wp:attachment":[{"href":"https:\/\/www.galea.mx\/eng\/wp-json\/wp\/v2\/media?parent=5336"}],"curies":[{"name":"wp","href":"https:\/\/api.w.org\/{rel}","templated":true}]}}