{"id":5831,"date":"2024-11-22T03:28:31","date_gmt":"2024-11-22T03:28:31","guid":{"rendered":"https:\/\/www.galea.mx\/?page_id=5831"},"modified":"2024-12-30T18:02:37","modified_gmt":"2024-12-30T18:02:37","slug":"cena-ano-nuevo","status":"publish","type":"page","link":"https:\/\/www.galea.mx\/eng\/cena-ano-nuevo\/","title":{"rendered":"a\u00f1o nuevo 2024"},"content":{"rendered":"<div data-elementor-type=\"wp-page\" data-elementor-id=\"5831\" class=\"elementor elementor-5831\">\n\t\t\t\t\t\t<section class=\"elementor-section elementor-top-section elementor-element elementor-element-1c1358e elementor-section-boxed elementor-section-height-default elementor-section-height-default\" data-id=\"1c1358e\" data-element_type=\"section\" data-e-type=\"section\" data-settings=\"{&quot;jet_parallax_layout_list&quot;:[]}\">\n\t\t\t\t\t\t<div class=\"elementor-container elementor-column-gap-default\">\n\t\t\t\t\t<div class=\"elementor-column elementor-col-50 elementor-top-column elementor-element elementor-element-6cc6293\" data-id=\"6cc6293\" data-element_type=\"column\" data-e-type=\"column\" data-settings=\"{&quot;background_background&quot;:&quot;classic&quot;}\">\n\t\t\t<div class=\"elementor-widget-wrap elementor-element-populated\">\n\t\t\t\t\t\t<div class=\"elementor-element elementor-element-0f15c00 elementor-widget elementor-widget-image\" data-id=\"0f15c00\" data-element_type=\"widget\" data-e-type=\"widget\" data-widget_type=\"image.default\">\n\t\t\t\t\t\t\t\t\t\t\t\t\t\t\t<img fetchpriority=\"high\" decoding=\"async\" width=\"315\" height=\"194\" src=\"https:\/\/www.galea.mx\/wp-content\/uploads\/2024\/11\/Screenshot_2024-11-21_at_10.02.31_p.m.-removebg-preview.png\" class=\"attachment-large size-large wp-image-5847\" alt=\"\" srcset=\"https:\/\/www.galea.mx\/wp-content\/uploads\/2024\/11\/Screenshot_2024-11-21_at_10.02.31_p.m.-removebg-preview.png 315w, https:\/\/www.galea.mx\/wp-content\/uploads\/2024\/11\/Screenshot_2024-11-21_at_10.02.31_p.m.-removebg-preview-300x185.png 300w\" sizes=\"(max-width: 315px) 100vw, 315px\" \/>\t\t\t\t\t\t\t\t\t\t\t\t\t\t\t<\/div>\n\t\t\t\t\t<\/div>\n\t\t<\/div>\n\t\t\t\t<div class=\"elementor-column elementor-col-50 elementor-top-column elementor-element elementor-element-79a388d\" data-id=\"79a388d\" data-element_type=\"column\" data-e-type=\"column\">\n\t\t\t<div class=\"elementor-widget-wrap elementor-element-populated\">\n\t\t\t\t\t\t<div class=\"elementor-element elementor-element-77d03da elementor-widget__width-initial elementor-widget elementor-widget-heading\" data-id=\"77d03da\" data-element_type=\"widget\" data-e-type=\"widget\" data-widget_type=\"heading.default\">\n\t\t\t\t\t<h1 class=\"elementor-heading-title elementor-size-default\">Cena de a\u00f1o nuevo<\/h1>\t\t\t\t<\/div>\n\t\t\t\t<div class=\"elementor-element elementor-element-7759882 elementor-widget__width-initial elementor-widget elementor-widget-text-editor\" data-id=\"7759882\" data-element_type=\"widget\" data-e-type=\"widget\" data-widget_type=\"text-editor.default\">\n\t\t\t\t\t\t\t\t\t<p>Hemos preparado un men\u00fa especial para despedir el 2024 con lo mejor de nuestra cocina.Reserva tu lugar y comparte una noche inolvidable con nosotros. \u00a1Nos vemos en la mesa para brindar por el 2025! \ud83e\udd42<\/p>\t\t\t\t\t\t\t\t<\/div>\n\t\t\t\t<div class=\"elementor-element elementor-element-0dc6693 elementor-widget__width-initial elementor-widget elementor-widget-heading\" data-id=\"0dc6693\" data-element_type=\"widget\" data-e-type=\"widget\" data-widget_type=\"heading.default\">\n\t\t\t\t\t<h1 class=\"elementor-heading-title elementor-size-default\">Menu<\/h1>\t\t\t\t<\/div>\n\t\t\t\t<div class=\"elementor-element elementor-element-72deff1 elementor-widget elementor-widget-jet-price-list\" data-id=\"72deff1\" data-element_type=\"widget\" data-e-type=\"widget\" data-widget_type=\"jet-price-list.default\">\n\t\t\t\t<div class=\"elementor-widget-container\">\n\t\t\t\t\t<div class=\"elementor-jet-price-list jet-elements\">\n<ul class=\"jet-price-list\"><li class=\"price-list__item\"><div class=\"price-list__item-inner\"><div class=\"price-list__item-content\"><div class=\"price-list__item-title__wrapper\"><h5 class=\"price-list__item-title\">MOUSSE DE FOIE GRAS<\/h5><div class=\"price-list__item-separator\"><\/div><\/div><div class=\"price-list__item-desc\">mermelada de shiso, pistache<\/div><\/div><\/div><\/li><li class=\"price-list__item\"><div class=\"price-list__item-inner\"><div class=\"price-list__item-content\"><div class=\"price-list__item-title__wrapper\"><h5 class=\"price-list__item-title\">ROULADE DE CARABINERO.<\/h5><div class=\"price-list__item-separator\"><\/div><\/div><div class=\"price-list__item-desc\">aguacate y j\u00edcama con vinagreta de jus de camaron y alioli de camaron<\/div><\/div><\/div><\/li><li class=\"price-list__item\"><div class=\"price-list__item-inner\"><div class=\"price-list__item-content\"><div class=\"price-list__item-title__wrapper\"><h5 class=\"price-list__item-title\">TARTA FRUTTI DI MARE<\/h5><div class=\"price-list__item-separator\"><\/div><\/div><div class=\"price-list__item-desc\">mejill\u00f3n, uni. y guancialle con zabaglione de vermouth y azafr\u00e1n<\/div><\/div><\/div><\/li><li class=\"price-list__item\"><div class=\"price-list__item-inner\"><div class=\"price-list__item-content\"><div class=\"price-list__item-title__wrapper\"><h5 class=\"price-list__item-title\">GNUDI<\/h5><div class=\"price-list__item-separator\"><\/div><\/div><div class=\"price-list__item-desc\">bagna cauda, avellana y trufa blanca<\/div><\/div><\/div><\/li><li class=\"price-list__item\"><div class=\"price-list__item-inner\"><div class=\"price-list__item-content\"><div class=\"price-list__item-title__wrapper\"><h5 class=\"price-list__item-title\">PATO ANEJADO POR 14 D\u00cdAS.<\/h5><div class=\"price-list__item-separator\"><\/div><\/div><div class=\"price-list__item-desc\">terrina de pierna de pato, jus de trufa negra y cereza<\/div><\/div><\/div><\/li><\/ul><\/div>\t\t\t\t<\/div>\n\t\t\t\t<\/div>\n\t\t\t\t<div class=\"elementor-element elementor-element-0c4e4f8 elementor-widget__width-initial elementor-widget elementor-widget-heading\" data-id=\"0c4e4f8\" data-element_type=\"widget\" data-e-type=\"widget\" data-widget_type=\"heading.default\">\n\t\t\t\t\t<h1 class=\"elementor-heading-title elementor-size-default\">DESSERT<\/h1>\t\t\t\t<\/div>\n\t\t\t\t<div class=\"elementor-element elementor-element-44e4884 elementor-widget elementor-widget-jet-price-list\" data-id=\"44e4884\" data-element_type=\"widget\" data-e-type=\"widget\" data-widget_type=\"jet-price-list.default\">\n\t\t\t\t<div class=\"elementor-widget-container\">\n\t\t\t\t\t<div class=\"elementor-jet-price-list jet-elements\">\n<ul class=\"jet-price-list\"><li class=\"price-list__item\"><div class=\"price-list__item-inner\"><div class=\"price-list__item-content\"><div class=\"price-list__item-title__wrapper\"><h5 class=\"price-list__item-title\">CAVIAR DE HELADO DE ACEITE DE OLIVO<\/h5><div class=\"price-list__item-separator\"><\/div><\/div><div class=\"price-list__item-desc\">con trufa blanca rallada<\/div><\/div><\/div><\/li><li class=\"price-list__item\"><div class=\"price-list__item-inner\"><div class=\"price-list__item-content\"><div class=\"price-list__item-title__wrapper\"><h5 class=\"price-list__item-title\">BANANA PUDDING<\/h5><div class=\"price-list__item-separator\"><\/div><\/div><div class=\"price-list__item-desc\">con caviar<\/div><\/div><\/div><\/li><\/ul><\/div>\t\t\t\t<\/div>\n\t\t\t\t<\/div>\n\t\t\t\t<section class=\"elementor-section elementor-inner-section elementor-element elementor-element-29f1475 elementor-section-boxed elementor-section-height-default elementor-section-height-default\" data-id=\"29f1475\" data-element_type=\"section\" data-e-type=\"section\" data-settings=\"{&quot;jet_parallax_layout_list&quot;:[]}\">\n\t\t\t\t\t\t<div class=\"elementor-container elementor-column-gap-default\">\n\t\t\t\t\t<div class=\"elementor-column elementor-col-100 elementor-inner-column elementor-element elementor-element-caa7e44\" data-id=\"caa7e44\" data-element_type=\"column\" data-e-type=\"column\">\n\t\t\t<div class=\"elementor-widget-wrap elementor-element-populated\">\n\t\t\t\t\t\t<div class=\"elementor-element elementor-element-ce763b2 elementor-widget__width-initial elementor-widget elementor-widget-heading\" data-id=\"ce763b2\" data-element_type=\"widget\" data-e-type=\"widget\" data-widget_type=\"heading.default\">\n\t\t\t\t\t<h1 class=\"elementor-heading-title elementor-size-default\">$2,700 <\/h1>\t\t\t\t<\/div>\n\t\t\t\t<div class=\"elementor-element elementor-element-0b15b9e elementor-widget__width-initial elementor-widget elementor-widget-text-editor\" data-id=\"0b15b9e\" data-element_type=\"widget\" data-e-type=\"widget\" data-widget_type=\"text-editor.default\">\n\t\t\t\t\t\t\t\t\t<p>Por persona<br \/>*Incluye vino espumoso<\/p>\t\t\t\t\t\t\t\t<\/div>\n\t\t\t\t\t<\/div>\n\t\t<\/div>\n\t\t\t\t\t<\/div>\n\t\t<\/section>\n\t\t\t\t<section class=\"elementor-section elementor-inner-section elementor-element elementor-element-35627a4 elementor-section-boxed elementor-section-height-default elementor-section-height-default\" data-id=\"35627a4\" data-element_type=\"section\" data-e-type=\"section\" data-settings=\"{&quot;jet_parallax_layout_list&quot;:[]}\">\n\t\t\t\t\t\t<div class=\"elementor-container elementor-column-gap-default\">\n\t\t\t\t\t<div class=\"elementor-column elementor-col-100 elementor-inner-column elementor-element elementor-element-89ad8a4\" data-id=\"89ad8a4\" data-element_type=\"column\" data-e-type=\"column\">\n\t\t\t<div class=\"elementor-widget-wrap elementor-element-populated\">\n\t\t\t\t\t\t<div class=\"elementor-element elementor-element-de3f52c elementor-widget__width-initial elementor-widget elementor-widget-heading\" data-id=\"de3f52c\" data-element_type=\"widget\" data-e-type=\"widget\" data-widget_type=\"heading.default\">\n\t\t\t\t\t<h1 class=\"elementor-heading-title elementor-size-default\">Maridaje +$1200<\/h1>\t\t\t\t<\/div>\n\t\t\t\t\t<\/div>\n\t\t<\/div>\n\t\t\t\t\t<\/div>\n\t\t<\/section>\n\t\t\t\t<div class=\"elementor-element elementor-element-3019dc5 elementor-widget elementor-widget-html\" data-id=\"3019dc5\" data-element_type=\"widget\" data-e-type=\"widget\" data-widget_type=\"html.default\">\n\t\t\t\t\t<div id=\"Tock_widget_container\" data-tock-display-mode=\"Button\" data-tock-color-mode=\"Blue\" data-tock-locale=\"en-us\" data-tock-timezone=\"America\/Mexico_City\" data-tock-offering=\"515960\"><\/div>\t\t\t\t<\/div>\n\t\t\t\t\t<\/div>\n\t\t<\/div>\n\t\t\t\t\t<\/div>\n\t\t<\/section>\n\t\t\t\t<\/div>","protected":false},"excerpt":{"rendered":"<p>Cena de a\u00f1o nuevo Hemos preparado un men\u00fa especial para despedir el 2024 con lo mejor de nuestra cocina.Reserva tu lugar y comparte una noche inolvidable con nosotros. \u00a1Nos vemos en la mesa para brindar por el 2025! \ud83e\udd42 Men\u00fa MOUSSE DE FOIE GRAS mermelada de shiso, pistache ROULADE DE CARABINERO. aguacate y j\u00edcama con [&hellip;]<\/p>\n","protected":false},"author":2,"featured_media":0,"parent":0,"menu_order":0,"comment_status":"closed","ping_status":"closed","template":"","meta":{"_acf_changed":false,"footnotes":""},"class_list":["post-5831","page","type-page","status-publish","hentry"],"acf":[],"yoast_head":"<!-- This site is optimized with the Yoast SEO plugin v27.1.1 - https:\/\/yoast.com\/product\/yoast-seo-wordpress\/ -->\n<title>a\u00f1o nuevo 2024 - Galea - Cocina mediterr\u00e1nea<\/title>\n<meta name=\"robots\" content=\"index, follow, max-snippet:-1, max-image-preview:large, max-video-preview:-1\" \/>\n<link rel=\"canonical\" href=\"https:\/\/www.galea.mx\/eng\/cena-ano-nuevo\/\" \/>\n<meta property=\"og:locale\" content=\"en_US\" \/>\n<meta property=\"og:type\" content=\"article\" \/>\n<meta property=\"og:title\" content=\"a\u00f1o nuevo 2024 - Galea - Cocina mediterr\u00e1nea\" \/>\n<meta property=\"og:description\" content=\"Cena de a\u00f1o nuevo Hemos preparado un men\u00fa especial para despedir el 2024 con lo mejor de nuestra cocina.Reserva tu lugar y comparte una noche inolvidable con nosotros. \u00a1Nos vemos en la mesa para brindar por el 2025! \ud83e\udd42 Men\u00fa MOUSSE DE FOIE GRAS mermelada de shiso, pistache ROULADE DE CARABINERO. aguacate y j\u00edcama con [&hellip;]\" \/>\n<meta property=\"og:url\" content=\"https:\/\/www.galea.mx\/eng\/cena-ano-nuevo\/\" \/>\n<meta property=\"og:site_name\" content=\"Galea - Cocina mediterr\u00e1nea\" \/>\n<meta property=\"article:publisher\" content=\"https:\/\/www.facebook.com\/Galearestaurant\" \/>\n<meta property=\"article:modified_time\" content=\"2024-12-30T18:02:37+00:00\" \/>\n<meta property=\"og:image\" content=\"https:\/\/www.galea.mx\/wp-content\/uploads\/2024\/11\/Screenshot_2024-11-21_at_10.02.31_p.m.-removebg-preview.png\" \/>\n\t<meta property=\"og:image:width\" content=\"315\" \/>\n\t<meta property=\"og:image:height\" content=\"194\" \/>\n\t<meta property=\"og:image:type\" content=\"image\/png\" \/>\n<meta name=\"twitter:card\" content=\"summary_large_image\" \/>\n<script type=\"application\/ld+json\" class=\"yoast-schema-graph\">{\"@context\":\"https:\/\/schema.org\",\"@graph\":[{\"@type\":\"WebPage\",\"@id\":\"https:\/\/www.galea.mx\/cena-ano-nuevo\/\",\"url\":\"https:\/\/www.galea.mx\/cena-ano-nuevo\/\",\"name\":\"a\u00f1o nuevo 2024 - Galea - Cocina mediterr\u00e1nea\",\"isPartOf\":{\"@id\":\"https:\/\/www.galea.mx\/#website\"},\"primaryImageOfPage\":{\"@id\":\"https:\/\/www.galea.mx\/cena-ano-nuevo\/#primaryimage\"},\"image\":{\"@id\":\"https:\/\/www.galea.mx\/cena-ano-nuevo\/#primaryimage\"},\"thumbnailUrl\":\"https:\/\/www.galea.mx\/wp-content\/uploads\/2024\/11\/Screenshot_2024-11-21_at_10.02.31_p.m.-removebg-preview.png\",\"datePublished\":\"2024-11-22T03:28:31+00:00\",\"dateModified\":\"2024-12-30T18:02:37+00:00\",\"breadcrumb\":{\"@id\":\"https:\/\/www.galea.mx\/cena-ano-nuevo\/#breadcrumb\"},\"inLanguage\":\"en-US\",\"potentialAction\":[{\"@type\":\"ReadAction\",\"target\":[\"https:\/\/www.galea.mx\/cena-ano-nuevo\/\"]}]},{\"@type\":\"ImageObject\",\"inLanguage\":\"en-US\",\"@id\":\"https:\/\/www.galea.mx\/cena-ano-nuevo\/#primaryimage\",\"url\":\"https:\/\/www.galea.mx\/wp-content\/uploads\/2024\/11\/Screenshot_2024-11-21_at_10.02.31_p.m.-removebg-preview.png\",\"contentUrl\":\"https:\/\/www.galea.mx\/wp-content\/uploads\/2024\/11\/Screenshot_2024-11-21_at_10.02.31_p.m.-removebg-preview.png\"},{\"@type\":\"BreadcrumbList\",\"@id\":\"https:\/\/www.galea.mx\/cena-ano-nuevo\/#breadcrumb\",\"itemListElement\":[{\"@type\":\"ListItem\",\"position\":1,\"name\":\"Home\",\"item\":\"https:\/\/www.galea.mx\/\"},{\"@type\":\"ListItem\",\"position\":2,\"name\":\"a\u00f1o nuevo 2024\"}]},{\"@type\":\"WebSite\",\"@id\":\"https:\/\/www.galea.mx\/#website\",\"url\":\"https:\/\/www.galea.mx\/\",\"name\":\"Galea - Cocina mediterr\u00e1nea\",\"description\":\"Galea - Cocina mediterr\u00e1nea\",\"publisher\":{\"@id\":\"https:\/\/www.galea.mx\/#organization\"},\"potentialAction\":[{\"@type\":\"SearchAction\",\"target\":{\"@type\":\"EntryPoint\",\"urlTemplate\":\"https:\/\/www.galea.mx\/?s={search_term_string}\"},\"query-input\":{\"@type\":\"PropertyValueSpecification\",\"valueRequired\":true,\"valueName\":\"search_term_string\"}}],\"inLanguage\":\"en-US\"},{\"@type\":\"Organization\",\"@id\":\"https:\/\/www.galea.mx\/#organization\",\"name\":\"Galea - Cocina mediterr\u00e1nea\",\"url\":\"https:\/\/www.galea.mx\/\",\"logo\":{\"@type\":\"ImageObject\",\"inLanguage\":\"en-US\",\"@id\":\"https:\/\/www.galea.mx\/#\/schema\/logo\/image\/\",\"url\":\"https:\/\/www.galea.mx\/wp-content\/uploads\/2022\/03\/Galea-Logotipo-black.svg\",\"contentUrl\":\"https:\/\/www.galea.mx\/wp-content\/uploads\/2022\/03\/Galea-Logotipo-black.svg\",\"width\":305.98,\"height\":85,\"caption\":\"Galea - Cocina mediterr\u00e1nea\"},\"image\":{\"@id\":\"https:\/\/www.galea.mx\/#\/schema\/logo\/image\/\"},\"sameAs\":[\"https:\/\/www.facebook.com\/Galearestaurant\",\"https:\/\/www.instagram.com\/galea.restaurante\/\",\"https:\/\/www.tripadvisor.com.mx\/Restaurant_Review-g150800-d23767350-Reviews-Galea-Mexico_City_Central_Mexico_and_Gulf_Coast.html\",\"https:\/\/www.opentable.com\/r\/galea-ciudad-de-mexico\"]}]}<\/script>\n<!-- \/ Yoast SEO plugin. -->","yoast_head_json":{"title":"a\u00f1o nuevo 2024 - Galea - Cocina mediterr\u00e1nea","robots":{"index":"index","follow":"follow","max-snippet":"max-snippet:-1","max-image-preview":"max-image-preview:large","max-video-preview":"max-video-preview:-1"},"canonical":"https:\/\/www.galea.mx\/eng\/cena-ano-nuevo\/","og_locale":"en_US","og_type":"article","og_title":"a\u00f1o nuevo 2024 - Galea - Cocina mediterr\u00e1nea","og_description":"Cena de a\u00f1o nuevo Hemos preparado un men\u00fa especial para despedir el 2024 con lo mejor de nuestra cocina.Reserva tu lugar y comparte una noche inolvidable con nosotros. \u00a1Nos vemos en la mesa para brindar por el 2025! \ud83e\udd42 Men\u00fa MOUSSE DE FOIE GRAS mermelada de shiso, pistache ROULADE DE CARABINERO. aguacate y j\u00edcama con [&hellip;]","og_url":"https:\/\/www.galea.mx\/eng\/cena-ano-nuevo\/","og_site_name":"Galea - Cocina mediterr\u00e1nea","article_publisher":"https:\/\/www.facebook.com\/Galearestaurant","article_modified_time":"2024-12-30T18:02:37+00:00","og_image":[{"width":315,"height":194,"url":"https:\/\/www.galea.mx\/wp-content\/uploads\/2024\/11\/Screenshot_2024-11-21_at_10.02.31_p.m.-removebg-preview.png","type":"image\/png"}],"twitter_card":"summary_large_image","schema":{"@context":"https:\/\/schema.org","@graph":[{"@type":"WebPage","@id":"https:\/\/www.galea.mx\/cena-ano-nuevo\/","url":"https:\/\/www.galea.mx\/cena-ano-nuevo\/","name":"a\u00f1o nuevo 2024 - Galea - Cocina mediterr\u00e1nea","isPartOf":{"@id":"https:\/\/www.galea.mx\/#website"},"primaryImageOfPage":{"@id":"https:\/\/www.galea.mx\/cena-ano-nuevo\/#primaryimage"},"image":{"@id":"https:\/\/www.galea.mx\/cena-ano-nuevo\/#primaryimage"},"thumbnailUrl":"https:\/\/www.galea.mx\/wp-content\/uploads\/2024\/11\/Screenshot_2024-11-21_at_10.02.31_p.m.-removebg-preview.png","datePublished":"2024-11-22T03:28:31+00:00","dateModified":"2024-12-30T18:02:37+00:00","breadcrumb":{"@id":"https:\/\/www.galea.mx\/cena-ano-nuevo\/#breadcrumb"},"inLanguage":"en-US","potentialAction":[{"@type":"ReadAction","target":["https:\/\/www.galea.mx\/cena-ano-nuevo\/"]}]},{"@type":"ImageObject","inLanguage":"en-US","@id":"https:\/\/www.galea.mx\/cena-ano-nuevo\/#primaryimage","url":"https:\/\/www.galea.mx\/wp-content\/uploads\/2024\/11\/Screenshot_2024-11-21_at_10.02.31_p.m.-removebg-preview.png","contentUrl":"https:\/\/www.galea.mx\/wp-content\/uploads\/2024\/11\/Screenshot_2024-11-21_at_10.02.31_p.m.-removebg-preview.png"},{"@type":"BreadcrumbList","@id":"https:\/\/www.galea.mx\/cena-ano-nuevo\/#breadcrumb","itemListElement":[{"@type":"ListItem","position":1,"name":"Home","item":"https:\/\/www.galea.mx\/"},{"@type":"ListItem","position":2,"name":"a\u00f1o nuevo 2024"}]},{"@type":"WebSite","@id":"https:\/\/www.galea.mx\/#website","url":"https:\/\/www.galea.mx\/","name":"Galea - Cocina mediterr\u00e1nea","description":"Galea - Cocina mediterr\u00e1nea","publisher":{"@id":"https:\/\/www.galea.mx\/#organization"},"potentialAction":[{"@type":"SearchAction","target":{"@type":"EntryPoint","urlTemplate":"https:\/\/www.galea.mx\/?s={search_term_string}"},"query-input":{"@type":"PropertyValueSpecification","valueRequired":true,"valueName":"search_term_string"}}],"inLanguage":"en-US"},{"@type":"Organization","@id":"https:\/\/www.galea.mx\/#organization","name":"Galea - Cocina mediterr\u00e1nea","url":"https:\/\/www.galea.mx\/","logo":{"@type":"ImageObject","inLanguage":"en-US","@id":"https:\/\/www.galea.mx\/#\/schema\/logo\/image\/","url":"https:\/\/www.galea.mx\/wp-content\/uploads\/2022\/03\/Galea-Logotipo-black.svg","contentUrl":"https:\/\/www.galea.mx\/wp-content\/uploads\/2022\/03\/Galea-Logotipo-black.svg","width":305.98,"height":85,"caption":"Galea - Cocina mediterr\u00e1nea"},"image":{"@id":"https:\/\/www.galea.mx\/#\/schema\/logo\/image\/"},"sameAs":["https:\/\/www.facebook.com\/Galearestaurant","https:\/\/www.instagram.com\/galea.restaurante\/","https:\/\/www.tripadvisor.com.mx\/Restaurant_Review-g150800-d23767350-Reviews-Galea-Mexico_City_Central_Mexico_and_Gulf_Coast.html","https:\/\/www.opentable.com\/r\/galea-ciudad-de-mexico"]}]}},"_links":{"self":[{"href":"https:\/\/www.galea.mx\/eng\/wp-json\/wp\/v2\/pages\/5831","targetHints":{"allow":["GET"]}}],"collection":[{"href":"https:\/\/www.galea.mx\/eng\/wp-json\/wp\/v2\/pages"}],"about":[{"href":"https:\/\/www.galea.mx\/eng\/wp-json\/wp\/v2\/types\/page"}],"author":[{"embeddable":true,"href":"https:\/\/www.galea.mx\/eng\/wp-json\/wp\/v2\/users\/2"}],"replies":[{"embeddable":true,"href":"https:\/\/www.galea.mx\/eng\/wp-json\/wp\/v2\/comments?post=5831"}],"version-history":[{"count":10,"href":"https:\/\/www.galea.mx\/eng\/wp-json\/wp\/v2\/pages\/5831\/revisions"}],"predecessor-version":[{"id":5904,"href":"https:\/\/www.galea.mx\/eng\/wp-json\/wp\/v2\/pages\/5831\/revisions\/5904"}],"wp:attachment":[{"href":"https:\/\/www.galea.mx\/eng\/wp-json\/wp\/v2\/media?parent=5831"}],"curies":[{"name":"wp","href":"https:\/\/api.w.org\/{rel}","templated":true}]}}