{"id":7140,"date":"2025-08-08T01:04:38","date_gmt":"2025-08-08T01:04:38","guid":{"rendered":"https:\/\/www.galea.mx\/?page_id=7140"},"modified":"2026-03-03T02:20:12","modified_gmt":"2026-03-03T02:20:12","slug":"prix-fixe","status":"publish","type":"page","link":"https:\/\/www.galea.mx\/eng\/prix-fixe\/","title":{"rendered":"Prix Fixe"},"content":{"rendered":"<div data-elementor-type=\"wp-page\" data-elementor-id=\"7140\" class=\"elementor elementor-7140\">\n\t\t\t\t<div class=\"elementor-element elementor-element-8fa5677 e-flex e-con-boxed e-con e-parent\" data-id=\"8fa5677\" data-element_type=\"container\" data-e-type=\"container\" data-settings=\"{&quot;jet_parallax_layout_list&quot;:[],&quot;background_background&quot;:&quot;classic&quot;}\">\n\t\t\t\t\t<div class=\"e-con-inner\">\n\t\t<div class=\"elementor-element elementor-element-c645dd3 e-con-full e-flex e-con e-child\" data-id=\"c645dd3\" data-element_type=\"container\" data-e-type=\"container\" data-settings=\"{&quot;background_background&quot;:&quot;classic&quot;,&quot;jet_parallax_layout_list&quot;:[]}\">\n\t\t<div class=\"elementor-element elementor-element-98eb07a e-con-full e-flex e-con e-child\" data-id=\"98eb07a\" data-element_type=\"container\" data-e-type=\"container\" data-settings=\"{&quot;jet_parallax_layout_list&quot;:[]}\">\n\t\t\t\t<div class=\"elementor-element elementor-element-fcb9674 elementor-widget__width-inherit elementor-widget elementor-widget-heading\" data-id=\"fcb9674\" data-element_type=\"widget\" data-e-type=\"widget\" data-widget_type=\"heading.default\">\n\t\t\t\t\t<h2 class=\"elementor-heading-title elementor-size-default\">Tasting Men\u00fa<\/h2>\t\t\t\t<\/div>\n\t\t\t\t<div class=\"elementor-element elementor-element-abd7c99 elementor-widget__width-initial elementor-widget-mobile__width-initial elementor-widget elementor-widget-text-editor\" data-id=\"abd7c99\" data-element_type=\"widget\" data-e-type=\"widget\" data-widget_type=\"text-editor.default\">\n\t\t\t\t\t\t\t\t\t<p>De lunes a viernes de 2:00 p.m. a 10:30 p.m.<\/p>\t\t\t\t\t\t\t\t<\/div>\n\t\t\t\t<\/div>\n\t\t<div class=\"elementor-element elementor-element-5a2d241 e-con-full e-flex e-con e-child\" data-id=\"5a2d241\" data-element_type=\"container\" data-e-type=\"container\" data-settings=\"{&quot;jet_parallax_layout_list&quot;:[]}\">\n\t\t\t\t<div class=\"elementor-element elementor-element-d755504 elementor-widget__width-inherit elementor-widget elementor-widget-jet-price-list\" data-id=\"d755504\" data-element_type=\"widget\" data-e-type=\"widget\" data-widget_type=\"jet-price-list.default\">\n\t\t\t\t<div class=\"elementor-widget-container\">\n\t\t\t\t\t<div class=\"elementor-jet-price-list jet-elements\">\n<ul class=\"jet-price-list\"><li class=\"price-list__item\"><div class=\"price-list__item-inner\"><div class=\"price-list__item-content\"><div class=\"price-list__item-title__wrapper\"><h5 class=\"price-list__item-title\">4 COURSES<\/h5><div class=\"price-list__item-separator\"><\/div><div class=\"price-list__item-price\">$1100<\/div><\/div><div class=\"price-list__item-desc\">first course, pasta, main course and dessert<\/div><\/div><\/div><\/li><li class=\"price-list__item\"><div class=\"price-list__item-inner\"><div class=\"price-list__item-content\"><div class=\"price-list__item-title__wrapper\"><h5 class=\"price-list__item-title\">Pairing<\/h5><div class=\"price-list__item-separator\"><\/div><div class=\"price-list__item-price\"> $600<\/div><\/div><div class=\"price-list__item-desc\">3 glasses of 3 oz each<br>\n1 glass of dessert wine 2 oz<\/div><\/div><\/div><\/li><\/ul><\/div>\t\t\t\t<\/div>\n\t\t\t\t<\/div>\n\t\t\t\t<\/div>\n\t\t\t\t<\/div>\n\t\t\t\t\t<\/div>\n\t\t\t\t<\/div>\n\t\t\t\t<\/div>","protected":false},"excerpt":{"rendered":"<p>Men\u00fa De Degustaci\u00f3n De lunes a viernes de 2:00 p.m. a 10:30 p.m. 4 TIEMPOS $1100entrada, pasta, principal, postre Maridaje $6003 copas de 3 oz 1 copa de vino de postre 2 oz<\/p>","protected":false},"author":2,"featured_media":0,"parent":0,"menu_order":0,"comment_status":"closed","ping_status":"closed","template":"full-width.php","meta":{"_acf_changed":false,"footnotes":""},"class_list":["post-7140","page","type-page","status-publish","hentry"],"acf":[],"yoast_head":"<!-- This site is optimized with the Yoast SEO plugin v27.1.1 - https:\/\/yoast.com\/product\/yoast-seo-wordpress\/ -->\n<title>Prix Fixe - Galea - Cocina mediterr\u00e1nea<\/title>\n<meta name=\"robots\" content=\"index, follow, max-snippet:-1, max-image-preview:large, max-video-preview:-1\" \/>\n<link rel=\"canonical\" href=\"https:\/\/www.galea.mx\/eng\/prix-fixe\/\" \/>\n<meta property=\"og:locale\" content=\"en_US\" \/>\n<meta property=\"og:type\" content=\"article\" \/>\n<meta property=\"og:title\" content=\"Prix Fixe - Galea - Cocina mediterr\u00e1nea\" \/>\n<meta property=\"og:description\" content=\"Men\u00fa De Degustaci\u00f3n De lunes a viernes de 2:00 p.m. a 10:30 p.m. 4 TIEMPOS $1100entrada, pasta, principal, postre Maridaje $6003 copas de 3 oz 1 copa de vino de postre 2 oz\" \/>\n<meta property=\"og:url\" content=\"https:\/\/www.galea.mx\/eng\/prix-fixe\/\" \/>\n<meta property=\"og:site_name\" content=\"Galea - Cocina mediterr\u00e1nea\" \/>\n<meta property=\"article:publisher\" content=\"https:\/\/www.facebook.com\/Galearestaurant\" \/>\n<meta property=\"article:modified_time\" content=\"2026-03-03T02:20:12+00:00\" \/>\n<meta name=\"twitter:card\" content=\"summary_large_image\" \/>\n<script type=\"application\/ld+json\" class=\"yoast-schema-graph\">{\"@context\":\"https:\/\/schema.org\",\"@graph\":[{\"@type\":\"WebPage\",\"@id\":\"https:\/\/www.galea.mx\/prix-fixe\/\",\"url\":\"https:\/\/www.galea.mx\/prix-fixe\/\",\"name\":\"Prix Fixe - Galea - Cocina mediterr\u00e1nea\",\"isPartOf\":{\"@id\":\"https:\/\/www.galea.mx\/#website\"},\"datePublished\":\"2025-08-08T01:04:38+00:00\",\"dateModified\":\"2026-03-03T02:20:12+00:00\",\"breadcrumb\":{\"@id\":\"https:\/\/www.galea.mx\/prix-fixe\/#breadcrumb\"},\"inLanguage\":\"en-US\",\"potentialAction\":[{\"@type\":\"ReadAction\",\"target\":[\"https:\/\/www.galea.mx\/prix-fixe\/\"]}]},{\"@type\":\"BreadcrumbList\",\"@id\":\"https:\/\/www.galea.mx\/prix-fixe\/#breadcrumb\",\"itemListElement\":[{\"@type\":\"ListItem\",\"position\":1,\"name\":\"Home\",\"item\":\"https:\/\/www.galea.mx\/\"},{\"@type\":\"ListItem\",\"position\":2,\"name\":\"Prix Fixe\"}]},{\"@type\":\"WebSite\",\"@id\":\"https:\/\/www.galea.mx\/#website\",\"url\":\"https:\/\/www.galea.mx\/\",\"name\":\"Galea - Cocina mediterr\u00e1nea\",\"description\":\"Galea - Cocina mediterr\u00e1nea\",\"publisher\":{\"@id\":\"https:\/\/www.galea.mx\/#organization\"},\"potentialAction\":[{\"@type\":\"SearchAction\",\"target\":{\"@type\":\"EntryPoint\",\"urlTemplate\":\"https:\/\/www.galea.mx\/?s={search_term_string}\"},\"query-input\":{\"@type\":\"PropertyValueSpecification\",\"valueRequired\":true,\"valueName\":\"search_term_string\"}}],\"inLanguage\":\"en-US\"},{\"@type\":\"Organization\",\"@id\":\"https:\/\/www.galea.mx\/#organization\",\"name\":\"Galea - Cocina mediterr\u00e1nea\",\"url\":\"https:\/\/www.galea.mx\/\",\"logo\":{\"@type\":\"ImageObject\",\"inLanguage\":\"en-US\",\"@id\":\"https:\/\/www.galea.mx\/#\/schema\/logo\/image\/\",\"url\":\"https:\/\/www.galea.mx\/wp-content\/uploads\/2022\/03\/Galea-Logotipo-black.svg\",\"contentUrl\":\"https:\/\/www.galea.mx\/wp-content\/uploads\/2022\/03\/Galea-Logotipo-black.svg\",\"width\":305.98,\"height\":85,\"caption\":\"Galea - Cocina mediterr\u00e1nea\"},\"image\":{\"@id\":\"https:\/\/www.galea.mx\/#\/schema\/logo\/image\/\"},\"sameAs\":[\"https:\/\/www.facebook.com\/Galearestaurant\",\"https:\/\/www.instagram.com\/galea.restaurante\/\",\"https:\/\/www.tripadvisor.com.mx\/Restaurant_Review-g150800-d23767350-Reviews-Galea-Mexico_City_Central_Mexico_and_Gulf_Coast.html\",\"https:\/\/www.opentable.com\/r\/galea-ciudad-de-mexico\"]}]}<\/script>\n<!-- \/ Yoast SEO plugin. -->","yoast_head_json":{"title":"Prix Fixe - Galea - Cocina mediterr\u00e1nea","robots":{"index":"index","follow":"follow","max-snippet":"max-snippet:-1","max-image-preview":"max-image-preview:large","max-video-preview":"max-video-preview:-1"},"canonical":"https:\/\/www.galea.mx\/eng\/prix-fixe\/","og_locale":"en_US","og_type":"article","og_title":"Prix Fixe - Galea - Cocina mediterr\u00e1nea","og_description":"Men\u00fa De Degustaci\u00f3n De lunes a viernes de 2:00 p.m. a 10:30 p.m. 4 TIEMPOS $1100entrada, pasta, principal, postre Maridaje $6003 copas de 3 oz 1 copa de vino de postre 2 oz","og_url":"https:\/\/www.galea.mx\/eng\/prix-fixe\/","og_site_name":"Galea - Cocina mediterr\u00e1nea","article_publisher":"https:\/\/www.facebook.com\/Galearestaurant","article_modified_time":"2026-03-03T02:20:12+00:00","twitter_card":"summary_large_image","schema":{"@context":"https:\/\/schema.org","@graph":[{"@type":"WebPage","@id":"https:\/\/www.galea.mx\/prix-fixe\/","url":"https:\/\/www.galea.mx\/prix-fixe\/","name":"Prix Fixe - Galea - Cocina mediterr\u00e1nea","isPartOf":{"@id":"https:\/\/www.galea.mx\/#website"},"datePublished":"2025-08-08T01:04:38+00:00","dateModified":"2026-03-03T02:20:12+00:00","breadcrumb":{"@id":"https:\/\/www.galea.mx\/prix-fixe\/#breadcrumb"},"inLanguage":"en-US","potentialAction":[{"@type":"ReadAction","target":["https:\/\/www.galea.mx\/prix-fixe\/"]}]},{"@type":"BreadcrumbList","@id":"https:\/\/www.galea.mx\/prix-fixe\/#breadcrumb","itemListElement":[{"@type":"ListItem","position":1,"name":"Home","item":"https:\/\/www.galea.mx\/"},{"@type":"ListItem","position":2,"name":"Prix Fixe"}]},{"@type":"WebSite","@id":"https:\/\/www.galea.mx\/#website","url":"https:\/\/www.galea.mx\/","name":"Galea - Cocina mediterr\u00e1nea","description":"Galea - Cocina mediterr\u00e1nea","publisher":{"@id":"https:\/\/www.galea.mx\/#organization"},"potentialAction":[{"@type":"SearchAction","target":{"@type":"EntryPoint","urlTemplate":"https:\/\/www.galea.mx\/?s={search_term_string}"},"query-input":{"@type":"PropertyValueSpecification","valueRequired":true,"valueName":"search_term_string"}}],"inLanguage":"en-US"},{"@type":"Organization","@id":"https:\/\/www.galea.mx\/#organization","name":"Galea - Cocina mediterr\u00e1nea","url":"https:\/\/www.galea.mx\/","logo":{"@type":"ImageObject","inLanguage":"en-US","@id":"https:\/\/www.galea.mx\/#\/schema\/logo\/image\/","url":"https:\/\/www.galea.mx\/wp-content\/uploads\/2022\/03\/Galea-Logotipo-black.svg","contentUrl":"https:\/\/www.galea.mx\/wp-content\/uploads\/2022\/03\/Galea-Logotipo-black.svg","width":305.98,"height":85,"caption":"Galea - Cocina mediterr\u00e1nea"},"image":{"@id":"https:\/\/www.galea.mx\/#\/schema\/logo\/image\/"},"sameAs":["https:\/\/www.facebook.com\/Galearestaurant","https:\/\/www.instagram.com\/galea.restaurante\/","https:\/\/www.tripadvisor.com.mx\/Restaurant_Review-g150800-d23767350-Reviews-Galea-Mexico_City_Central_Mexico_and_Gulf_Coast.html","https:\/\/www.opentable.com\/r\/galea-ciudad-de-mexico"]}]}},"_links":{"self":[{"href":"https:\/\/www.galea.mx\/eng\/wp-json\/wp\/v2\/pages\/7140","targetHints":{"allow":["GET"]}}],"collection":[{"href":"https:\/\/www.galea.mx\/eng\/wp-json\/wp\/v2\/pages"}],"about":[{"href":"https:\/\/www.galea.mx\/eng\/wp-json\/wp\/v2\/types\/page"}],"author":[{"embeddable":true,"href":"https:\/\/www.galea.mx\/eng\/wp-json\/wp\/v2\/users\/2"}],"replies":[{"embeddable":true,"href":"https:\/\/www.galea.mx\/eng\/wp-json\/wp\/v2\/comments?post=7140"}],"version-history":[{"count":10,"href":"https:\/\/www.galea.mx\/eng\/wp-json\/wp\/v2\/pages\/7140\/revisions"}],"predecessor-version":[{"id":7380,"href":"https:\/\/www.galea.mx\/eng\/wp-json\/wp\/v2\/pages\/7140\/revisions\/7380"}],"wp:attachment":[{"href":"https:\/\/www.galea.mx\/eng\/wp-json\/wp\/v2\/media?parent=7140"}],"curies":[{"name":"wp","href":"https:\/\/api.w.org\/{rel}","templated":true}]}}